{"id":33,"date":"2017-10-27T07:34:15","date_gmt":"2017-10-27T07:34:15","guid":{"rendered":"http:\/\/www.peopleatdeib.polimi.it\/?page_id=33"},"modified":"2018-10-16T10:21:20","modified_gmt":"2018-10-16T10:21:20","slug":"english-home","status":"publish","type":"page","link":"https:\/\/www.peopleatdeib.polimi.it\/","title":{"rendered":"HOME"},"content":{"rendered":"<p><a href=\"https:\/\/www.peopleatdeib.polimi.it\/wp-content\/uploads\/2017\/10\/img-home.png\"><img loading=\"lazy\" decoding=\"async\" class=\"aligncenter size-full wp-image-34\" src=\"https:\/\/www.peopleatdeib.polimi.it\/wp-content\/uploads\/2017\/10\/img-home.png\" alt=\"\" width=\"1520\" height=\"565\" srcset=\"https:\/\/www.peopleatdeib.polimi.it\/wp-content\/uploads\/2017\/10\/img-home.png 1520w, https:\/\/www.peopleatdeib.polimi.it\/wp-content\/uploads\/2017\/10\/img-home-300x112.png 300w, https:\/\/www.peopleatdeib.polimi.it\/wp-content\/uploads\/2017\/10\/img-home-768x285.png 768w, https:\/\/www.peopleatdeib.polimi.it\/wp-content\/uploads\/2017\/10\/img-home-1024x381.png 1024w\" sizes=\"auto, (max-width: 1520px) 100vw, 1520px\" \/><\/a><\/p>\n<h3 style=\"font-weight: 900;\">PEoPLe@DEIB<\/h3>\n<p>Il <strong>Politecnico di Milano<\/strong> ha avviato una serie di iniziative per innovare le attivit\u00e0 e le modalit\u00e0 d\u2019insegnamento nel nostro Ateneo. Sebbene queste iniziative entreranno a pieno regime dal prossimo anno accademico, <strong>il Dipartimento di Elettronica, Informazione e Bioingegneria (DEIB)<\/strong> ha iniziato a lavorarci con entusiasmo fin da subito ed \u00e8 per questo che siamo ora lieti di condividere con voi il risultato del lavoro svolto, che abbiamo pensato di chiamare \u201c<strong>PEoPLe@DEIB: Politecnico Experiences on Passionate Learning<\/strong>\u201d.<\/p>\n<p>L\u2019obiettivo dell\u2019iniziativa <strong>PEoPLE@DEIB<\/strong>\u00e8 quello di presentarvi una serie di attivit\u00e0 diversificate quali corsi, competizioni ed eventi che si focalizzeranno su alcuni aspetti tipici dell\u2019ambito ingegneristico, e non solo, in una modalit\u00e0 completamente diversa da quella a cui siete stati abituati finora nei corsi che avete seguito al Politecnico di Milano.<\/p>\n<p>Questi eventi saranno proposti e programmati in modo da non andare ad impattare le normali attivit\u00e0 accademiche ed \u00e8 anche per questo motivo che abbiamo deciso di includere \u201c<strong>Appassionato (Passionate)<\/strong>\u201d nel nostro slogan. Gli eventi si terranno nel tardo pomeriggio, la sera e nel fine settimana. Non preoccupatevi! \u00c8 vero che sar\u00e0 lavoro ulteriore ma sar\u00e0 fatto solo su base volontaria: sarete voi a decidere quali attivit\u00e0 svolgere e, soprattutto, se svolgerle. Per tali attivit\u00e0 saranno previsti dei crediti in pi\u00f9 e questi saranno riportati nel vostro Diploma Supplement nel momento in cui vi laureerete.<\/p>\n<p>La nostra convinzione \u00e8 che una stretta interazione tra ricerca e istruzione debbano essere presentate in modo complementare per fornire agli studenti la miglior preparazione possibile. Ricerca ed istruzione sono spesso presentate in contrapposizione e non \u00e8 facile combinarle tra loro in un processo virtuoso e produttivo. Noi pensiamo che le attivit\u00e0 di ricerca possano ottenere un grande beneficio dall\u2019insegnamento e questo \u00e8 il pensiero fondamentale che sta alla base delle attivit\u00e0 PEoPLE@DEIB. In particolare, il coinvolgimento nelle attivit\u00e0 di ricerca di giovani studenti motivati accrescer\u00e0 la creativit\u00e0 e lo sviluppo di nuove idee nell\u2019ambito di un gruppo di ricerca. Infatti, gli studenti, che ancora non sono inquadrati in uno specifico ambito di ricerca, non sono spaventati dall\u2019idea di sperimentare le loro idee e commettere errori, pur di vederle realizzate attraverso il loro lavoro. Al contrario, da un punto di vista educativo, dare agli studenti l\u2019opportunit\u00e0 di essere coinvolti in progetti veri, permette loro di sperimentare la progettazione reale e affrontare nuove sfide. Guidarli nella fase di progettazione e sviluppo ci permette, in modo maieutico, di insegnargli come affrontare i reali problemi di progettazione.<\/p>\n<p>In tale ambito \u00e8 necessario fornire agli studenti un ambiente dove essi possano lavorare e sperimentare un\u2019attivit\u00e0 motivante e questo \u00e8 esattamente quello che ci proponiamo di fare con l\u2019iniziativa PEoPLe@DEIB.<\/p>\n<p>Siamo convinti che gli studenti abbiano enormi potenzialit\u00e0 da far emergere. Si tratta solo di fornire una formazione adeguata per aiutarli a capire che anche il fallimento rientra nel processo di apprendimento. Senza non si prova, non si fallisce, ma senza provare non si possono imparare cose nuove, non si pu\u00f2 crescere!<\/p>\n<p>PEoPLE@DEIB ha questo come obiettivo e ha l\u2019intento di dare pi\u00f9 sicurezza agli studenti.<\/p>\n<h3><strong>PEoPLE@DEIB \u00e8 parte dell&#8217;iniziativa del Politecnico di Milano\u00a0<a href=\"https:\/\/www.polimi.it\/corsi\/didattica-innovativa\/\" target=\"_blank\">Passion in Action<\/a><\/strong><\/h3>\n<p>&nbsp;<\/p>","protected":false},"excerpt":{"rendered":"<p>PEoPLe@DEIB Il Politecnico di Milano ha avviato una serie di iniziative per innovare le attivit\u00e0 e le modalit\u00e0 d\u2019insegnamento nel nostro Ateneo. Sebbene queste iniziative entreranno a pieno regime dal prossimo anno accademico, il Dipartimento di Elettronica, Informazione e Bioingegneria (DEIB) ha iniziato a lavorarci con entusiasmo fin da subito ed \u00e8 per questo che &hellip; <a href=\"https:\/\/www.peopleatdeib.polimi.it\/\" class=\"more-link\">Continua la lettura di <span class=\"screen-reader-text\">HOME<\/span> <span class=\"meta-nav\">&rarr;<\/span><\/a><\/p>\n","protected":false},"author":2,"featured_media":0,"parent":0,"menu_order":0,"comment_status":"closed","ping_status":"closed","template":"","meta":{"footnotes":""},"class_list":["post-33","page","type-page","status-publish","hentry"],"_links":{"self":[{"href":"https:\/\/www.peopleatdeib.polimi.it\/index.php?rest_route=\/wp\/v2\/pages\/33","targetHints":{"allow":["GET"]}}],"collection":[{"href":"https:\/\/www.peopleatdeib.polimi.it\/index.php?rest_route=\/wp\/v2\/pages"}],"about":[{"href":"https:\/\/www.peopleatdeib.polimi.it\/index.php?rest_route=\/wp\/v2\/types\/page"}],"author":[{"embeddable":true,"href":"https:\/\/www.peopleatdeib.polimi.it\/index.php?rest_route=\/wp\/v2\/users\/2"}],"replies":[{"embeddable":true,"href":"https:\/\/www.peopleatdeib.polimi.it\/index.php?rest_route=%2Fwp%2Fv2%2Fcomments&post=33"}],"version-history":[{"count":14,"href":"https:\/\/www.peopleatdeib.polimi.it\/index.php?rest_route=\/wp\/v2\/pages\/33\/revisions"}],"predecessor-version":[{"id":180,"href":"https:\/\/www.peopleatdeib.polimi.it\/index.php?rest_route=\/wp\/v2\/pages\/33\/revisions\/180"}],"wp:attachment":[{"href":"https:\/\/www.peopleatdeib.polimi.it\/index.php?rest_route=%2Fwp%2Fv2%2Fmedia&parent=33"}],"curies":[{"name":"wp","href":"https:\/\/api.w.org\/{rel}","templated":true}]}}