{"id":19,"date":"2017-10-24T10:46:42","date_gmt":"2017-10-24T10:46:42","guid":{"rendered":"http:\/\/www.peopleatdeib.polimi.it\/?page_id=19"},"modified":"2018-09-19T07:39:49","modified_gmt":"2018-09-19T07:39:49","slug":"programma","status":"publish","type":"page","link":"https:\/\/www.peopleatdeib.polimi.it\/?page_id=19","title":{"rendered":"PROGRAMMA 2017\/2018"},"content":{"rendered":"<p>La \u201cpolitica\u201d usata nel presentare i corsi \u00e8 stata quella di riportare tutti i corsi nel calendario delle brochure, indipendentemente dalla lingua, ma poi di aggiungere le descrizioni sono dei corsi effettivamente offerti in quella lingua.<\/p>\n<h2>HARD SKILLS<\/h2>\n<p>Il processo inarrestabile dell\u2019evoluzione tecnologica e la contemporanea innovazione nel mondo del lavoro sta portando alla richiesta di nuove figure professionali, da parte delle aziende, che siano in grado di sapersi elevare oltre le loro competenze specialistiche (\u201chard skills\u201d). Per rispondere a tale esigenza, in ambito accademico si stanno via via introducendo nuove forme di didattica che sappiano valorizzare le passioni e le capacit\u00e0 degli studenti. L\u2019obiettivo \u00e8 quello di favorire la flessibilit\u00e0 e la multidisciplinariet\u00e0, con particolare riferimento alla didattica progettuale e al panorama internazionale.<br \/>\nLa presente proposta di didattica innovativa si colloca in tale ambito e presenta una proposta di corsi extra-curriculari che, a partire dalle competenze di base sviluppate nei corsi curriculari, permette allo studente di sperimentare nuove modalit\u00e0 di apprendimento sia mediante l\u2019interazione con i docenti che con realt\u00e0 aziendali e organizzazioni sia nazionali che internazionali.<br \/>\nLa presente proposta di didattica formativa extra-curricolare \u00e8 articolata in corsi finalizzati ad:<\/p>\n<ul>\n<li>acquisire strumenti e metodologie trasversali;<\/li>\n<li>sviluppare attivit\u00e0 di progettazione su ambiti multidisciplinari;<\/li>\n<li>coordinare e gestire attivit\u00e0 basate sul contributo di aziende, lavoro di gruppo, confronto diretto (workshops, competizioni e hackaton).<\/li>\n<\/ul>\n<p><a href=\"https:\/\/www.peopleatdeib.polimi.it\/wp-content\/uploads\/2018\/03\/PEoPLe@DEIB_hard_skills_ita-2.pdf\">Elenco Corsi HARD SKILLS<\/a><\/p>\n<h2>SOFT SKILLS<\/h2>\n<p>La proposta di didattica innovativa parte dal presupposto, ormai consolidato da anni sia in Italia che all\u2019estero, che esistano numerose \u201ccapacit\u00e0 personali\u201d (le cosiddette soft-skills) in grado di supportare e, se utilizzate al meglio, addirittura potenziare le competenze tecnico-scientifiche che la preparazione universitaria fornisce. Tutto questo nell\u2019ottica di una migliore performance non solo in ambito accademico ma anche lavorativo: dall\u2019acquisizione di tecniche di memorizzazione rapida ed efficace alle strategie per l\u2019ottimizzazione del rapporto qualit\u00e0\/tempo durante lo studio; dall\u2019elaborazione di un piano di azione dinamico per il raggiungimento della propria visione di crescita personale e professionale alla presa di consapevolezza dei segnali del linguaggio del corpo e al loro utilizzo per un miglioramento delle proprie capacit\u00e0 comunicative; dall\u2019acquisizione degli strumenti creativi e psicologici per la creazione, gestione e divulgazione di un\u2019idea alle strategie per l\u2019ottimale presentazione in pubblico dei progetti di ricerca.<\/p>\n<p><a href=\"https:\/\/www.peopleatdeib.polimi.it\/wp-content\/uploads\/2017\/10\/PEoPLE@DEIB_soft_skills_ita.pdf\"><strong><span style=\"color: #008000;\">Elenco corsi SOFT SKILLS<\/span><\/strong><\/a><\/p>","protected":false},"excerpt":{"rendered":"<p>La \u201cpolitica\u201d usata nel presentare i corsi \u00e8 stata quella di riportare tutti i corsi nel calendario delle brochure, indipendentemente dalla lingua, ma poi di aggiungere le descrizioni sono dei corsi effettivamente offerti in quella lingua. HARD SKILLS Il processo inarrestabile dell\u2019evoluzione tecnologica e la contemporanea innovazione nel mondo del lavoro sta portando alla richiesta &hellip; <a href=\"https:\/\/www.peopleatdeib.polimi.it\/?page_id=19\" class=\"more-link\">Continua la lettura di <span class=\"screen-reader-text\">PROGRAMMA 2017\/2018<\/span> <span class=\"meta-nav\">&rarr;<\/span><\/a><\/p>\n","protected":false},"author":2,"featured_media":0,"parent":167,"menu_order":0,"comment_status":"closed","ping_status":"closed","template":"","meta":{"footnotes":""},"class_list":["post-19","page","type-page","status-publish","hentry"],"_links":{"self":[{"href":"https:\/\/www.peopleatdeib.polimi.it\/index.php?rest_route=\/wp\/v2\/pages\/19","targetHints":{"allow":["GET"]}}],"collection":[{"href":"https:\/\/www.peopleatdeib.polimi.it\/index.php?rest_route=\/wp\/v2\/pages"}],"about":[{"href":"https:\/\/www.peopleatdeib.polimi.it\/index.php?rest_route=\/wp\/v2\/types\/page"}],"author":[{"embeddable":true,"href":"https:\/\/www.peopleatdeib.polimi.it\/index.php?rest_route=\/wp\/v2\/users\/2"}],"replies":[{"embeddable":true,"href":"https:\/\/www.peopleatdeib.polimi.it\/index.php?rest_route=%2Fwp%2Fv2%2Fcomments&post=19"}],"version-history":[{"count":49,"href":"https:\/\/www.peopleatdeib.polimi.it\/index.php?rest_route=\/wp\/v2\/pages\/19\/revisions"}],"predecessor-version":[{"id":166,"href":"https:\/\/www.peopleatdeib.polimi.it\/index.php?rest_route=\/wp\/v2\/pages\/19\/revisions\/166"}],"up":[{"embeddable":true,"href":"https:\/\/www.peopleatdeib.polimi.it\/index.php?rest_route=\/wp\/v2\/pages\/167"}],"wp:attachment":[{"href":"https:\/\/www.peopleatdeib.polimi.it\/index.php?rest_route=%2Fwp%2Fv2%2Fmedia&parent=19"}],"curies":[{"name":"wp","href":"https:\/\/api.w.org\/{rel}","templated":true}]}}